{"id":10000,"date":"2024-07-13T14:53:15","date_gmt":"2024-07-13T14:53:15","guid":{"rendered":"https:\/\/aitaca.io\/?page_id=10000"},"modified":"2025-05-08T15:36:40","modified_gmt":"2025-05-08T15:36:40","slug":"contacto","status":"publish","type":"page","link":"https:\/\/aitaca.io\/es\/contacto\/","title":{"rendered":"Contacto"},"content":{"rendered":"<section class=\"l-section wpb_row height_custom\"><div class=\"l-section-h i-cf\"><div class=\"g-cols vc_row via_grid cols_1-2-1 laptops-cols_inherit tablets-cols_inherit mobiles-cols_1 valign_top type_default stacking_default\"><div class=\"wpb_column vc_column_container\"><div class=\"vc_column-inner\"><\/div><\/div><div class=\"wpb_column vc_column_container\"><div class=\"vc_column-inner\"><div class=\"wpb_text_column\"><div class=\"wpb_wrapper\"><h2 style=\"text-align: center;\">Contacta con nosotros<\/h2>\n<\/div><\/div><div class=\"wpb_text_column us_custom_064d3121\"><div class=\"wpb_wrapper\"><p style=\"text-align: center;\">Completa este formulario y descubre c\u00f3mo nuestra tecnolog\u00eda de medici\u00f3n digital puede impactar tu negocio.<\/p>\n<\/div><\/div><div class=\"w-separator size_medium\"><\/div><form class=\"w-form  us-field-style_1 us_custom_4076faf9 has_text_color layout_ver show_message_after_sending for_cform us_form_1\" action=\"https:\/\/aitaca.io\/es\/wp-json\/wp\/v2\/pages\/10000\" method=\"post\"><div class=\"w-form-h\"><div class=\"w-form-row for_email required\">\r\n\t\t<div class=\"w-form-row-field\">\r\n\t\t\t\t\t\t<input aria-label=\"Email profesional\" type=\"email\" name=\"us_form_1_email_1\" value placeholder=\"Email profesional *\" data-required=\"true\" aria-required=\"true\"\/>\r\n\t\t\t<\/div>\r\n\t\t<div class=\"w-form-row-state\">Por favor, introduce una direcci\u00f3n de correo electr\u00f3nico v\u00e1lida.<\/div>\r\n<\/div>\r\n<div class=\"w-form-row for_text has_label move_label required cols_3\">\r\n\t\t\t<div class=\"w-form-row-label\">\r\n\t\t\t<span>Nombre *<\/span>\r\n\t\t<\/div>\r\n\t\t<div class=\"w-form-row-field\">\r\n\t\t\t\t\t\t<input aria-label=\"Nombre\" type=\"text\" name=\"us_form_1_text_1\" value placeholder data-required=\"true\" aria-required=\"true\"\/>\r\n\t\t\t<\/div>\r\n\t\t<div class=\"w-form-row-state\">Rellena este campo<\/div>\r\n<\/div>\r\n<div class=\"w-form-row for_text has_label move_label required cols_3\">\r\n\t\t\t<div class=\"w-form-row-label\">\r\n\t\t\t<span>Compa\u00f1\u00eda *<\/span>\r\n\t\t<\/div>\r\n\t\t<div class=\"w-form-row-field\">\r\n\t\t\t\t\t\t<input aria-label=\"Compa\u00f1\u00eda\" type=\"text\" name=\"us_form_1_text_2\" value placeholder data-required=\"true\" aria-required=\"true\"\/>\r\n\t\t\t<\/div>\r\n\t\t<div class=\"w-form-row-state\">Rellena este campo<\/div>\r\n<\/div>\r\n<div class=\"w-form-row for_text has_label move_label cols_3\">\r\n\t\t\t<div class=\"w-form-row-label\">\r\n\t\t\t<span>Tel\u00e9fono<\/span>\r\n\t\t<\/div>\r\n\t\t<div class=\"w-form-row-field\">\r\n\t\t\t\t\t\t<input aria-label=\"Tel\u00e9fono\" type=\"text\" name=\"us_form_1_text_3\" value placeholder\/>\r\n\t\t\t<\/div>\r\n\t\t<div class=\"w-form-row-state\">Rellena este campo<\/div>\r\n<\/div>\r\n<div class=\"w-form-row for_textarea has_label move_label\">\r\n\t\t\t<div class=\"w-form-row-label\">\r\n\t\t\t<span>Mensaje<\/span>\r\n\t\t<\/div>\r\n\t\t<div class=\"w-form-row-field\">\r\n\t\t\t\t\t\t<textarea aria-label=\"Mensaje\" name=\"us_form_1_textarea_1\" placeholder><\/textarea>\r\n\t\t\t<\/div>\r\n\t\t<div class=\"w-form-row-state\">Rellena este campo<\/div>\r\n<\/div>\r\n<input type=\"hidden\" name=\"action\" value=\"us_ajax_cform\" \/>\r\n<input type=\"hidden\" name=\"post_id\" value=\"0\" \/>\r\n<input type=\"hidden\" name=\"form_index\" value=\"1\" \/>\r\n<div class=\"w-form-row for_submit align_center\">\r\n\t<button class=\"w-btn  us-btn-style_1\" aria-label=\"Enviar\" type=\"submit\">\r\n\t\t<span class=\"g-preloader type_1\"><\/span>\r\n\t\t\t\t<span class=\"w-btn-label\">Enviar<\/span>\r\n\t\t\t<\/button>\r\n\t<\/div>\r\n<\/div><div class=\"w-form-message\"><\/div><div class=\"w-form-json hidden\" onclick='return {&quot;ajaxurl&quot;:&quot;https:\\\/\\\/aitaca.io\\\/wp-admin\\\/admin-ajax.php&quot;,&quot;messages&quot;:{&quot;err_empty&quot;:&quot;Rellena este campo&quot;,&quot;err_size&quot;:&quot;El tama\\u00f1o del archivo no puede exceder %s MB&quot;,&quot;err_extension&quot;:&quot;El tipo de archivo %s no est\\u00e1 permitido&quot;,&quot;err_recaptcha_keys&quot;:&quot;Las claves de reCAPTCHA son incorrectas&quot;}}'><\/div><\/form><\/div><\/div><div class=\"wpb_column vc_column_container\"><div class=\"vc_column-inner\"><\/div><\/div><\/div><\/div><\/section>\n","protected":false},"excerpt":{"rendered":"","protected":false},"author":8,"featured_media":0,"parent":0,"menu_order":0,"comment_status":"closed","ping_status":"closed","template":"","meta":{"passster_activate_protection":false,"passster_protect_child_pages":"","passster_protection_type":"password","passster_password":"","passster_activate_overwrite_defaults":"","passster_headline":"","passster_instruction":"","passster_placeholder":"","passster_button":"","passster_id":"","passster_activate_misc_settings":"","passster_redirect_url":"","passster_hide":"no","passster_area_shortcode":"","footnotes":""},"class_list":["post-10000","page","type-page","status-publish","hentry"],"yoast_head":"<!-- This site is optimized with the Yoast SEO plugin v26.0 - https:\/\/yoast.com\/wordpress\/plugins\/seo\/ -->\n<title>Contacta con nosotros<\/title>\n<meta name=\"description\" content=\"Contacta con nosotros completando este formulario y descubre c\u00f3mo nuestra tecnolog\u00eda de medici\u00f3n digital puede impactar tu negocio.\" \/>\n<meta name=\"robots\" content=\"index, follow, max-snippet:-1, max-image-preview:large, max-video-preview:-1\" \/>\n<link rel=\"canonical\" href=\"https:\/\/aitaca.io\/es\/contacto\/\" \/>\n<meta property=\"og:locale\" content=\"es_ES\" \/>\n<meta property=\"og:type\" content=\"article\" \/>\n<meta property=\"og:title\" content=\"Contacta con nosotros\" \/>\n<meta property=\"og:description\" content=\"Contacta con nosotros completando este formulario y descubre c\u00f3mo nuestra tecnolog\u00eda de medici\u00f3n digital puede impactar tu negocio.\" \/>\n<meta property=\"og:url\" content=\"https:\/\/aitaca.io\/es\/contacto\/\" \/>\n<meta property=\"og:site_name\" content=\"Aitaca\" \/>\n<meta property=\"article:publisher\" content=\"https:\/\/www.facebook.com\/profile.php?id=100082124358022\" \/>\n<meta property=\"article:modified_time\" content=\"2025-05-08T15:36:40+00:00\" \/>\n<meta property=\"og:image\" content=\"https:\/\/aitaca.io\/wp-content\/uploads\/2024\/08\/link-preview.jpg\" \/>\n\t<meta property=\"og:image:width\" content=\"1200\" \/>\n\t<meta property=\"og:image:height\" content=\"675\" \/>\n\t<meta property=\"og:image:type\" content=\"image\/jpeg\" \/>\n<meta name=\"twitter:card\" content=\"summary_large_image\" \/>\n<meta name=\"twitter:label1\" content=\"Tiempo de lectura\" \/>\n\t<meta name=\"twitter:data1\" content=\"1 minuto\" \/>\n<script type=\"application\/ld+json\" class=\"yoast-schema-graph\">{\"@context\":\"https:\/\/schema.org\",\"@graph\":[{\"@type\":\"WebPage\",\"@id\":\"https:\/\/aitaca.io\/es\/contacto\/\",\"url\":\"https:\/\/aitaca.io\/es\/contacto\/\",\"name\":\"Contacta con nosotros\",\"isPartOf\":{\"@id\":\"https:\/\/aitaca.io\/es\/#website\"},\"datePublished\":\"2024-07-13T14:53:15+00:00\",\"dateModified\":\"2025-05-08T15:36:40+00:00\",\"description\":\"Contacta con nosotros completando este formulario y descubre c\u00f3mo nuestra tecnolog\u00eda de medici\u00f3n digital puede impactar tu negocio.\",\"breadcrumb\":{\"@id\":\"https:\/\/aitaca.io\/es\/contacto\/#breadcrumb\"},\"inLanguage\":\"es\",\"potentialAction\":[{\"@type\":\"ReadAction\",\"target\":[\"https:\/\/aitaca.io\/es\/contacto\/\"]}]},{\"@type\":\"BreadcrumbList\",\"@id\":\"https:\/\/aitaca.io\/es\/contacto\/#breadcrumb\",\"itemListElement\":[{\"@type\":\"ListItem\",\"position\":1,\"name\":\"Home\",\"item\":\"https:\/\/aitaca.io\/es\/\"},{\"@type\":\"ListItem\",\"position\":2,\"name\":\"Contacto\"}]},{\"@type\":\"WebSite\",\"@id\":\"https:\/\/aitaca.io\/es\/#website\",\"url\":\"https:\/\/aitaca.io\/es\/\",\"name\":\"Aitaca\",\"description\":\"Ai Body Measurement &amp; Size Recommendation\",\"publisher\":{\"@id\":\"https:\/\/aitaca.io\/es\/#organization\"},\"potentialAction\":[{\"@type\":\"SearchAction\",\"target\":{\"@type\":\"EntryPoint\",\"urlTemplate\":\"https:\/\/aitaca.io\/es\/?s={search_term_string}\"},\"query-input\":{\"@type\":\"PropertyValueSpecification\",\"valueRequired\":true,\"valueName\":\"search_term_string\"}}],\"inLanguage\":\"es\"},{\"@type\":\"Organization\",\"@id\":\"https:\/\/aitaca.io\/es\/#organization\",\"name\":\"Aitaca\",\"url\":\"https:\/\/aitaca.io\/es\/\",\"logo\":{\"@type\":\"ImageObject\",\"inLanguage\":\"es\",\"@id\":\"https:\/\/aitaca.io\/es\/#\/schema\/logo\/image\/\",\"url\":\"https:\/\/aitaca.io\/wp-content\/uploads\/2024\/08\/logo.png\",\"contentUrl\":\"https:\/\/aitaca.io\/wp-content\/uploads\/2024\/08\/logo.png\",\"width\":400,\"height\":147,\"caption\":\"Aitaca\"},\"image\":{\"@id\":\"https:\/\/aitaca.io\/es\/#\/schema\/logo\/image\/\"},\"sameAs\":[\"https:\/\/www.facebook.com\/profile.php?id=100082124358022\",\"https:\/\/www.instagram.com\/aitaca.io\/\"]}]}<\/script>\n<!-- \/ Yoast SEO plugin. -->","yoast_head_json":{"title":"Contacta con nosotros","description":"Contacta con nosotros completando este formulario y descubre c\u00f3mo nuestra tecnolog\u00eda de medici\u00f3n digital puede impactar tu negocio.","robots":{"index":"index","follow":"follow","max-snippet":"max-snippet:-1","max-image-preview":"max-image-preview:large","max-video-preview":"max-video-preview:-1"},"canonical":"https:\/\/aitaca.io\/es\/contacto\/","og_locale":"es_ES","og_type":"article","og_title":"Contacta con nosotros","og_description":"Contacta con nosotros completando este formulario y descubre c\u00f3mo nuestra tecnolog\u00eda de medici\u00f3n digital puede impactar tu negocio.","og_url":"https:\/\/aitaca.io\/es\/contacto\/","og_site_name":"Aitaca","article_publisher":"https:\/\/www.facebook.com\/profile.php?id=100082124358022","article_modified_time":"2025-05-08T15:36:40+00:00","og_image":[{"width":1200,"height":675,"url":"https:\/\/aitaca.io\/wp-content\/uploads\/2024\/08\/link-preview.jpg","type":"image\/jpeg"}],"twitter_card":"summary_large_image","twitter_misc":{"Tiempo de lectura":"1 minuto"},"schema":{"@context":"https:\/\/schema.org","@graph":[{"@type":"WebPage","@id":"https:\/\/aitaca.io\/es\/contacto\/","url":"https:\/\/aitaca.io\/es\/contacto\/","name":"Contacta con nosotros","isPartOf":{"@id":"https:\/\/aitaca.io\/es\/#website"},"datePublished":"2024-07-13T14:53:15+00:00","dateModified":"2025-05-08T15:36:40+00:00","description":"Contacta con nosotros completando este formulario y descubre c\u00f3mo nuestra tecnolog\u00eda de medici\u00f3n digital puede impactar tu negocio.","breadcrumb":{"@id":"https:\/\/aitaca.io\/es\/contacto\/#breadcrumb"},"inLanguage":"es","potentialAction":[{"@type":"ReadAction","target":["https:\/\/aitaca.io\/es\/contacto\/"]}]},{"@type":"BreadcrumbList","@id":"https:\/\/aitaca.io\/es\/contacto\/#breadcrumb","itemListElement":[{"@type":"ListItem","position":1,"name":"Home","item":"https:\/\/aitaca.io\/es\/"},{"@type":"ListItem","position":2,"name":"Contacto"}]},{"@type":"WebSite","@id":"https:\/\/aitaca.io\/es\/#website","url":"https:\/\/aitaca.io\/es\/","name":"Aitaca","description":"Ai Body Measurement &amp; Size Recommendation","publisher":{"@id":"https:\/\/aitaca.io\/es\/#organization"},"potentialAction":[{"@type":"SearchAction","target":{"@type":"EntryPoint","urlTemplate":"https:\/\/aitaca.io\/es\/?s={search_term_string}"},"query-input":{"@type":"PropertyValueSpecification","valueRequired":true,"valueName":"search_term_string"}}],"inLanguage":"es"},{"@type":"Organization","@id":"https:\/\/aitaca.io\/es\/#organization","name":"Aitaca","url":"https:\/\/aitaca.io\/es\/","logo":{"@type":"ImageObject","inLanguage":"es","@id":"https:\/\/aitaca.io\/es\/#\/schema\/logo\/image\/","url":"https:\/\/aitaca.io\/wp-content\/uploads\/2024\/08\/logo.png","contentUrl":"https:\/\/aitaca.io\/wp-content\/uploads\/2024\/08\/logo.png","width":400,"height":147,"caption":"Aitaca"},"image":{"@id":"https:\/\/aitaca.io\/es\/#\/schema\/logo\/image\/"},"sameAs":["https:\/\/www.facebook.com\/profile.php?id=100082124358022","https:\/\/www.instagram.com\/aitaca.io\/"]}]}},"_links":{"self":[{"href":"https:\/\/aitaca.io\/es\/wp-json\/wp\/v2\/pages\/10000","targetHints":{"allow":["GET"]}}],"collection":[{"href":"https:\/\/aitaca.io\/es\/wp-json\/wp\/v2\/pages"}],"about":[{"href":"https:\/\/aitaca.io\/es\/wp-json\/wp\/v2\/types\/page"}],"author":[{"embeddable":true,"href":"https:\/\/aitaca.io\/es\/wp-json\/wp\/v2\/users\/8"}],"replies":[{"embeddable":true,"href":"https:\/\/aitaca.io\/es\/wp-json\/wp\/v2\/comments?post=10000"}],"version-history":[{"count":15,"href":"https:\/\/aitaca.io\/es\/wp-json\/wp\/v2\/pages\/10000\/revisions"}],"predecessor-version":[{"id":10077,"href":"https:\/\/aitaca.io\/es\/wp-json\/wp\/v2\/pages\/10000\/revisions\/10077"}],"wp:attachment":[{"href":"https:\/\/aitaca.io\/es\/wp-json\/wp\/v2\/media?parent=10000"}],"curies":[{"name":"wp","href":"https:\/\/api.w.org\/{rel}","templated":true}]}}