{"id":8770,"date":"2024-02-09T11:01:44","date_gmt":"2024-02-09T11:01:44","guid":{"rendered":"http:\/\/13.39.158.202\/?page_id=8770"},"modified":"2025-12-03T21:08:07","modified_gmt":"2025-12-03T21:08:07","slug":"privacy-policy","status":"publish","type":"page","link":"https:\/\/aitaca.io\/es\/privacy-policy\/","title":{"rendered":"Privacy Policy"},"content":{"rendered":"<section class=\"l-section wpb_row height_custom\"><div class=\"l-section-h i-cf\"><div class=\"g-cols vc_row via_grid cols_1 laptops-cols_inherit tablets-cols_inherit mobiles-cols_1 valign_top type_default stacking_default\"><div class=\"wpb_column vc_column_container\"><div class=\"vc_column-inner\"><div class=\"wpb_text_column us_custom_df5f4c97 has_text_color\"><div class=\"wpb_wrapper\"><div class=\"elementor-element elementor-element-cfe7da2 e-flex e-con-boxed e-con e-parent\" data-id=\"cfe7da2\" data-element_type=\"container\" data-settings=\"{&quot;content_width&quot;:&quot;boxed&quot;}\" data-core-v316-plus=\"true\">\n<div class=\"e-con-inner\">\n<div class=\"elementor-element elementor-element-73d30e4 elementor-widget elementor-widget-heading\" data-id=\"73d30e4\" data-element_type=\"widget\" data-widget_type=\"heading.default\">\n<div class=\"elementor-widget-container\">\n<h2>POL\u00cdTICA DE PRIVACIDAD<\/h2>\n<\/div>\n<\/div>\n<\/div>\n<\/div>\n<div class=\"elementor-element elementor-element-8fa6991 e-flex e-con-boxed e-con e-parent\" data-id=\"8fa6991\" data-element_type=\"container\" data-settings=\"{&quot;content_width&quot;:&quot;boxed&quot;}\" data-core-v316-plus=\"true\">\n<div class=\"e-con-inner\">\n<div class=\"elementor-element elementor-element-70572c8 elementor-widget elementor-widget-text-editor\" data-id=\"70572c8\" data-element_type=\"widget\" data-widget_type=\"text-editor.default\">\n<div class=\"elementor-widget-container\">\n<h2 class=\"fw-bold p-4 text-center\">NUESTRA POL\u00cdTICA DE PRIVACIDAD DE UN VISTAZO<\/h2>\n<div class=\"container\">\n<ol>\n<li><b>\u00bfQUI\u00c9NES SOMOS?<\/b> Somos Aitaca Remote Tech S.L. con domicilio en Madrid, con NIF B-67777011, inscrita en el Registro Mercantil de Madrid, al Tomo 42738, Folio 23, inscripci\u00f3n 1 con hoja M-755762 (en adelante Aitaca) y tratamos tus datos personales como responsables del tratamiento. Esto quiere decir que nos hacemos cargo de c\u00f3mo usar y proteger tus datos.\u00a0<a href=\"https:\/\/aitaca.io\/privacy-policy\/#responsable\">Ver m\u00e1s<\/a>.<\/li>\n<li><b>\u00bfCON QU\u00c9 DATOS TRABAJAMOS?<\/b> Para poder darte un buen servicio, necesitamos, para algunos m\u00f3dulos, ciertos datos personales y antropom\u00e9tricos. <a href=\"https:\/\/aitaca.io\/privacy-policy\/#datos\">Ver m\u00e1s.<\/a><\/li>\n<li><b>\u00bfPARA QU\u00c9 USAMOS TUS DATOS?<\/b> Usaremos tus datos, entre otras finalidades, para poder prestarte nuestros servicios.\u00a0<a href=\"https:\/\/aitaca.io\/privacy-policy\/#finalidad\">Ver<br \/>\nm\u00e1s.<\/a><\/li>\n<li><b>\u00bfCON QUI\u00c9N COMPARTIMOS TUS DATOS?<\/b> Compartiremos tus datos con prestadores de servicios que nos ayudan o dan soporte.\u00a0<a href=\"https:\/\/aitaca.io\/privacy-policy\/#terceros\">Ver m\u00e1s.<\/a><\/li>\n<li><b>TUS DERECHOS.<\/b> Tienes derecho a acceder, rectificar o suprimir tus datos personales. En algunos casos, tambi\u00e9n tienes otros derechos, por ejemplo, a oponerte a que usemos tus datos o a portarlos, como te explicamos en detalle m\u00e1s abajo. <a href=\"https:\/\/aitaca.io\/privacy-policy\/#derechos\">Ver m\u00e1s.<\/a><\/li>\n<\/ol>\n<h4>ANTES DE EMPEZAR\u2026<\/h4>\n<ul>\n<li>En esta Pol\u00edtica de Privacidad encontrar\u00e1s toda la informaci\u00f3n relevante que aplica al uso que hacemos de los datos personales de nuestros usuarios, con independencia del canal o medio (online o en persona) que utilices para interactuar con nosotros.<\/li>\n<li>Esta Pol\u00edtica de Privacidad puede ser actualizada, por lo que te recomendamos que vuelvas a leerla en caso de volver a utilizar nuestros servicios.<\/li>\n<li>Adem\u00e1s, esta Pol\u00edtica de Privacidad tambi\u00e9n tiene por objeto explicar qu\u00e9 derechos te asisten como usuario y c\u00f3mo ejercerlos.<\/li>\n<li>Somos transparentes sobre lo que hacemos con tus datos personales, para que entiendas las implicaciones de los usos que llevamos a cabo o los derechos de los que dispones en relaci\u00f3n con tus datos:\n<ul>\n<li>Ponemos a tu disposici\u00f3n de forma\u00a0<b>permanente toda la informaci\u00f3n<\/b> en esta Pol\u00edtica de Privacidad que puedes consultar cuando lo estimes oportuno y adem\u00e1s,<\/li>\n<li>tambi\u00e9n ir\u00e1s encontrando <b>informaci\u00f3n<\/b> acerca de cada tratamiento de tus datos personales <b>conforme vayas interactuando con nosotros.<\/b><\/li>\n<\/ul>\n<\/li>\n<li>Algunos nombres que usaremos en esta Pol\u00edtica de Privacidad:\n<ul>\n<li style=\"list-style-type: none;\">\n<ul>\n<li>Cuando hablamos de nuestra\u00a0<b>Plataforma<\/b>, nos referiremos en general a cualquiera de los canales o medios digitales o en persona que hayas utilizado para interactuar con nosotros.<\/li>\n<\/ul>\n<\/li>\n<\/ul>\n<ul>\n<li style=\"list-style-type: none;\"><\/li>\n<\/ul>\n<\/li>\n<\/ul>\n<\/div>\n<\/div>\n<div class=\"elementor-widget-container\">\n<h4 id=\"responsable\">1. \u00bfQUI\u00c9N ES EL RESPONSABLE DEL TRATAMIENTO DE TUS DATOS?<\/h4>\n<div class=\"container\">\n<ul>\n<li>Aitaca es el responsable de los datos de car\u00e1cter personal recabados a trav\u00e9s de la Plataforma. La Plataforma es propiedad de Aitaca. Puedes encontrar toda nuestra informaci\u00f3n de contacto en el pie de p\u00e1gina de la Web.<\/li>\n<li>Estamos comprometidos con la protecci\u00f3n de tu privacidad online y queremos asegurarte que usaremos tus datos de forma transparente y segura. De conformidad con lo establecido en la legislaci\u00f3n aplicable en materia de protecci\u00f3n de datos, en concreto, el Reglamento 2016\/679 del Parlamento Europeo y del Consejo de 27 de abril de 2016 (RGPD), Aitaca, se compromete a respetar la legislaci\u00f3n vigente en materia de protecci\u00f3n de datos personales y a adoptar las medidas jur\u00eddicas, t\u00e9cnicas y organizativas pertinentes para evitar as\u00ed da\u00f1os o p\u00e9rdidas de los datos personales de nuestros clientes.<\/li>\n<\/ul>\n<h4 id=\"datos\">2. \u00bfCON QU\u00c9 DATOS TRABAJAMOS?<\/h4>\n<p style=\"padding-left: 40px;\">Dependiendo de los productos, servicios o funcionalidades de los que quieras disfrutar en cada momento necesitaremos tratar unos datos u otros, que en general ser\u00e1n, seg\u00fan el caso, los siguientes:<\/p>\n<ul>\n<li style=\"list-style-type: none;\">\n<ul>\n<li style=\"list-style-type: none;\">\n<ul>\n<li>datos\u00a0<b>multimedia:<\/b> Fotograf\u00edas o capturas que proporcionas para utilizar nuestros servicios de medici\u00f3n virtual, como la predicci\u00f3n de talla de anillos u otros servicios de ajuste o recomendaci\u00f3n personalizada. Estas im\u00e1genes son procesadas de manera an\u00f3nima y segura.<\/li>\n<li>datos\u00a0<b>antropom\u00e9tricos derivados<\/b>: Informaci\u00f3n calculada a partir de las im\u00e1genes que nos proporcionas, como medidas antropom\u00e9tricas u otros datos relacionados con las caracter\u00edsticas f\u00edsicas.\u00a0 Estos datos se utilizan exclusivamente para ofrecerte una recomendaci\u00f3n o ajuste personalizado y\u00a0son guardados de manera an\u00f3nima en nuestro cloud.<\/li>\n<li>datos de <strong>uso y anal\u00edtica<\/strong>: Informaci\u00f3n sobre c\u00f3mo interact\u00faas con nuestros servicios, que recopilamos mediante herramientas de anal\u00edtica, como PostHog, para mejorar la experiencia del usuario y optimizar nuestros servicios:\u00a0eventos, comportamiento en la aplicaci\u00f3n, interacciones y datos de rendimiento. Los datos recopilados pueden incluir informaci\u00f3n sobre el dispositivo, la ubicaci\u00f3n y el uso de nuestra plataforma. En ning\u00fan caso se registran datos sobre los usuarios.<\/li>\n<\/ul>\n<\/li>\n<\/ul>\n<\/li>\n<\/ul>\n<p style=\"padding-left: 40px;\">Es importante se\u00f1alar que <strong>ninguno de los datos con los que trabajamos contienen informaci\u00f3n que permita identificar de manera directa a una persona<\/strong>.<\/p>\n<h4 id=\"finalidad\">3. \u00bfCON QU\u00c9 FINALIDAD TRATAMOS TUS DATOS PERSONALES?<\/h4>\n<p style=\"padding-left: 40px;\">Tratamos tus datos personales con la \u00fanica finalidad de proporcionarte servicios personalizados y precisos, as\u00ed como para mejorar continuamente la calidad de nuestros servicios. En particular, utilizamos tus datos para:<\/p>\n<ul>\n<li style=\"list-style-type: none;\">\n<ul>\n<li><strong>Prestaci\u00f3n de Servicios<\/strong>: Cuando utilizas nuestro servicio de recomendaci\u00f3n de talla, nos proporcionas una imagen. Esta imagen es procesada mediante algoritmos avanzados para sugerirte una talla. Este proceso se realiza de manera an\u00f3nima.<\/li>\n<li><strong>Mejora de la Experiencia del Usuario<\/strong>: Los datos recopilados a trav\u00e9s de nuestra herramienta de anal\u00edtica se utilizan para mejorar la funcionalidad de nuestro servicio, optimizar la experiencia del usuario, detectar y corregir errores, y realizar an\u00e1lisis estad\u00edsticos y de comportamiento.<\/li>\n<\/ul>\n<\/li>\n<\/ul>\n<h4 id=\"datos\">4. \u00bfDURANTE CU\u00c1NTO TIEMPO CONSERVAREMOS TUS DATOS?<\/h4>\n<p style=\"padding-left: 40px;\">El\u00a0<b>plazo de conservaci\u00f3n<\/b> de tus datos ser\u00e1 el m\u00ednimo necesario para atender la solicitud y futuras necesidades seg\u00fan lo explicado a continuaci\u00f3n:<\/p>\n<div class=\"table-responsive\">\n<table class=\"table table-bordered\">\n<tbody>\n<tr>\n<th>Tipo de dato<\/th>\n<th>Plazo de conservaci\u00f3n<\/th>\n<\/tr>\n<tr>\n<td><strong>1. Im\u00e1genes an\u00f3nimas<\/strong><\/td>\n<td>Las fotograf\u00edas que nos proporcionas se procesan de forma inmediata y se transforman en im\u00e1genes anonimizadas e irreversibles, lo que impide identificarte como persona usuaria. Estas im\u00e1genes se conservan \u00fanicamente durante el tiempo necesario para realizar mejoras t\u00e9cnicas, auditor\u00edas internas o validar el correcto funcionamiento de nuestros modelos de IA.<\/td>\n<\/tr>\n<tr>\n<td><strong>2. Datos Derivados<\/strong><\/td>\n<td>Los datos resultantes del procesamiento son anonimizados, y se guardan para realizar mejoras del servicio, investigaci\u00f3n y desarrollo. Dado que estos datos no permiten identificar a una persona, no est\u00e1n sujetos a un per\u00edodo de eliminaci\u00f3n obligatorio.<\/td>\n<\/tr>\n<tr>\n<td><strong>3. Datos de uso y Anal\u00edtica<\/strong><\/td>\n<td>La informaci\u00f3n recopilada mediante herramientas de anal\u00edtica se almacena en formato agregado y an\u00f3nimo con el fin de analizar tendencias, detectar incidencias y optimizar el servicio. Este tipo de datos puede conservarse para an\u00e1lisis a largo plazo, siempre sin posibilidad de identificar a personas usuarias.<\/td>\n<\/tr>\n<\/tbody>\n<\/table>\n<\/div>\n<p style=\"padding-left: 40px;\"><strong>Excepciones de Conservaci\u00f3n:<\/strong> En algunos casos, nuestros clientes (socios comerciales) pueden solicitar la conservaci\u00f3n de datos por un per\u00edodo diferente, ya sea m\u00e1s largo o m\u00e1s corto, dependiendo de sus necesidades comerciales o regulatorias espec\u00edficas. Cuando se acuerdan estos per\u00edodos de conservaci\u00f3n especiales, nos aseguramos de que cualquier extensi\u00f3n o reducci\u00f3n del plazo cumpla con todas las normativas de protecci\u00f3n de datos aplicables y que los derechos del usuario sean respetados en todo momento.<\/p>\n<p style=\"padding-left: 40px;\">En todos los casos, nuestro objetivo es garantizar que los datos se conservan solo durante el tiempo estrictamente necesario y se eliminan de manera segura cuando ya no son requeridos. Independientemente de que tratemos tus datos durante el tiempo estrictamente necesario para cumplir con la finalidad correspondiente, los conservaremos posteriormente debidamente guardados y protegidos durante el tiempo en que pudieran surgir responsabilidades derivadas del tratamiento, en cumplimiento con la normativa vigente en cada momento. Una vez prescriban las posibles acciones en cada caso, procederemos a la supresi\u00f3n de los datos personales.<\/p>\n<p style=\"padding-left: 40px;\">Si has aceptado ser parte de un grupo de \u201cusuarios de prueba\u201d, trataremos tus datos hasta que te des de baja o canceles tu condici\u00f3n de \u201cusuario de prueba\u00bb.<\/p>\n<h4 id=\"terceros\">5. \u00bfCOMPARTIREMOS TUS DATOS CON TERCEROS?<\/h4>\n<p style=\"padding-left: 40px;\">Aitaca no ceder\u00e1 los datos personales de los Usuarios a ning\u00fan tercero sin una base jur\u00eddica que legitime ese tratamiento. Esto significa que no compartiremos tus datos personales con terceros salvo:<\/p>\n<ol>\n<li style=\"list-style-type: none;\">\n<ol>\n<li>Cuando tengamos obligaci\u00f3n legal de ello, podremos comunicar tus datos a las autoridades y entidades que as\u00ed nos lo requieran.<\/li>\n<li>La correcta prestaci\u00f3n de los servicios solicitados por el Usuario. Podr\u00e1n tener acceso a tus datos personales los encargados de tratamiento de Aitaca es decir, los prestadores de servicios que\u00a0 tienen que acceder a tus datos personales para poder desarrollar las funciones para las que fueron contratados.<\/li>\n<\/ol>\n<\/li>\n<\/ol>\n<p style=\"padding-left: 40px;\">Adem\u00e1s, queremos informarte de que con estos prestadores de servicios se firman contratos de encargados de tratamiento que cubren todas las medidas de seguridad adecuadas para garantizar la protecci\u00f3n de sus datos de acuerdo con la normativa vigente de protecci\u00f3n de datos. Nuestro encargado del tratamiento es Amazon Web Services (Amazon.com, Inc.), que es una compa\u00f1\u00eda americana enmarcada dentro de la decisi\u00f3n de adecuaci\u00f3n del Escudo de Privacidad, por lo que el tratamiento de todos los datos que gestiona es adecuado y conforme a las directrices del RGPD. Puedes acceder a sus pol\u00edticas de privacidad en <a href=\"https:\/\/aws.amazon.com\/privacy\/\" target=\"_blank\" rel=\"noopener\">https:\/\/aws.amazon.com\/privacy\/<\/a><\/p>\n<p style=\"padding-left: 40px;\">Todos los datos que tratamos se almacenan y procesan en servidores de Amazon Web Services (AWS) ubicados en Irlanda. Esto significa que tus datos permanecen dentro del Espacio Econ\u00f3mico Europeo (EEE), garantizando que est\u00e9n sujetos a las rigurosas normativas de protecci\u00f3n de datos de la Uni\u00f3n Europea, incluyendo el Reglamento General de Protecci\u00f3n de Datos (GDPR). No realizamos transferencias internacionales de datos fuera del EEE.<\/p>\n<h4 id=\"derechos\">6. \u00bfCU\u00c1LES SON TUS DERECHOS CUANDO NOS FACILITAS TUS DATOS?<\/h4>\n<p style=\"padding-left: 40px;\">Nos comprometemos a respetar la confidencialidad de tus datos personales y a garantizarte el ejercicio de tus derechos, que puedes ejercitar escribi\u00e9ndonos un correo electr\u00f3nico a la direcci\u00f3n de correo legal@aitaca.io, simplemente indic\u00e1ndonos el motivo de tu solicitud y el derecho que quieres ejercitar. En caso de que lo consideremos necesario para poder identificarte, podremos solicitarte copia de un documento acreditativo de tu identidad.<\/p>\n<p style=\"padding-left: 40px;\">Asimismo, podemos ofrecerte la posibilidad de ejercer tus derechos y configurar tus preferencias de privacidad al utilizar algunos de nuestros servicios o poniendo a tu disposici\u00f3n canales espec\u00edficos dentro de nuestra Plataforma.<\/p>\n<p style=\"padding-left: 40px;\">En particular, independientemente de la finalidad o la base legal en virtud de la que tratemos tus datos, tienes derecho a:<\/p>\n<ul>\n<li style=\"list-style-type: none;\">\n<ul>\n<li>Pedirnos acceso a los datos de los que disponemos de ti: Te recordamos que desconocemos qui\u00e9n eres, dado que tus datos son an\u00f3nimos para nosotros.<\/li>\n<li>Pedirnos que Suprimamos tus datos en la medida en que ya no sean necesarios para la finalidad para los que necesitemos tratarlos seg\u00fan te hemos informado m\u00e1s arriba, o en que ya no contemos con legitimaci\u00f3n para hacerlo. Recuerda que desconocemos quien eres, y que borramos todos los datos autom\u00e1ticamente seg\u00fan lo explicado en el apartado 4.<\/li>\n<\/ul>\n<\/li>\n<\/ul>\n<p style=\"padding-left: 40px;\">Si nos has proporcionado tu consentimiento para el tratamiento de tus datos para cualquier finalidad, tambi\u00e9n tienes derecho a retirarlo en cualquier momento. Algunas de las formas en las que puedes retirar tu consentimiento est\u00e1n explicadas en el\u00a0<a href=\"https:\/\/aitaca.io\/privacy-policy\/#finalidad\">apartado 3<\/a> en el que explicamos para qu\u00e9 finalidades tratamos tus datos.<\/p>\n<p style=\"padding-left: 40px;\">Cuando nuestra legitimaci\u00f3n para el tratamiento de tus datos sea tu consentimiento o la ejecuci\u00f3n del contrato, tambi\u00e9n tendr\u00e1s derecho a solicitar la portabilidad de tus datos personales. Esto significa que tendr\u00e1s derecho a recibir los datos personales que nos hayas facilitado en un formato estructurado, de uso com\u00fan y legible por una m\u00e1quina, para poder transmitirlo a otra entidad directamente, siempre que t\u00e9cnicamente sea posible.<\/p>\n<p style=\"padding-left: 40px;\">Por \u00faltimo, te informamos de tu derecho a presentar una reclamaci\u00f3n ante la autoridad de control en materia de protecci\u00f3n de datos pertinente, en particular, ante la Agencia Espa\u00f1ola de Protecci\u00f3n de Datos<br \/>\n(<a href=\"https:\/\/www.agpd.es\/portalwebAGPD\/index-ides-idphp.php\" target=\"_blank\" rel=\"noopener\">https:\/\/www.agpd.es\/portalwebAGPD\/index-ides-idphp.php<\/a>).<\/p>\n<p><strong>Actualizaci\u00f3n de la Pol\u00edtica de Privacidad:<\/strong> Esta pol\u00edtica de privacidad puede ser actualizada peri\u00f3dicamente para reflejar cambios en nuestros servicios o en las normativas legales aplicables. En caso de realizar cambios significativos, notificaremos a los usuarios a trav\u00e9s de un aviso visible en nuestra plataforma o por otros medios apropiados antes de que dichos cambios entren en vigor. Te recomendamos revisar esta pol\u00edtica regularmente para estar informado sobre c\u00f3mo protegemos tu informaci\u00f3n.<\/div>\n<\/div>\n<\/div>\n<\/div>\n<\/div>\n<\/div><\/div><\/div><\/div><\/div><\/div><\/section>\n","protected":false},"excerpt":{"rendered":"","protected":false},"author":1,"featured_media":0,"parent":0,"menu_order":0,"comment_status":"closed","ping_status":"closed","template":"","meta":{"passster_activate_protection":false,"passster_protect_child_pages":"","passster_protection_type":"password","passster_password":"","passster_activate_overwrite_defaults":"","passster_headline":"","passster_instruction":"","passster_placeholder":"","passster_button":"","passster_id":"","passster_activate_misc_settings":"","passster_redirect_url":"","passster_hide":"no","passster_area_shortcode":"","footnotes":""},"class_list":["post-8770","page","type-page","status-publish","hentry"],"yoast_head":"<!-- This site is optimized with the Yoast SEO plugin v26.0 - https:\/\/yoast.com\/wordpress\/plugins\/seo\/ -->\n<title>Privacy Policy | Aitaca<\/title>\n<meta name=\"robots\" content=\"index, follow, max-snippet:-1, max-image-preview:large, max-video-preview:-1\" \/>\n<link rel=\"canonical\" href=\"https:\/\/aitaca.io\/es\/privacy-policy\/\" \/>\n<meta property=\"og:locale\" content=\"es_ES\" \/>\n<meta property=\"og:type\" content=\"article\" \/>\n<meta property=\"og:title\" content=\"Privacy Policy | Aitaca\" \/>\n<meta property=\"og:url\" content=\"https:\/\/aitaca.io\/es\/privacy-policy\/\" \/>\n<meta property=\"og:site_name\" content=\"Aitaca\" \/>\n<meta property=\"article:publisher\" content=\"https:\/\/www.facebook.com\/profile.php?id=100082124358022\" \/>\n<meta property=\"article:modified_time\" content=\"2025-12-03T21:08:07+00:00\" \/>\n<meta property=\"og:image\" content=\"https:\/\/aitaca.io\/wp-content\/uploads\/2024\/08\/link-preview.jpg\" \/>\n\t<meta property=\"og:image:width\" content=\"1200\" \/>\n\t<meta property=\"og:image:height\" content=\"675\" \/>\n\t<meta property=\"og:image:type\" content=\"image\/jpeg\" \/>\n<meta name=\"twitter:card\" content=\"summary_large_image\" \/>\n<meta name=\"twitter:label1\" content=\"Tiempo de lectura\" \/>\n\t<meta name=\"twitter:data1\" content=\"8 minutos\" \/>\n<script type=\"application\/ld+json\" class=\"yoast-schema-graph\">{\"@context\":\"https:\/\/schema.org\",\"@graph\":[{\"@type\":\"WebPage\",\"@id\":\"https:\/\/aitaca.io\/es\/privacy-policy\/\",\"url\":\"https:\/\/aitaca.io\/es\/privacy-policy\/\",\"name\":\"Privacy Policy | Aitaca\",\"isPartOf\":{\"@id\":\"https:\/\/aitaca.io\/es\/#website\"},\"datePublished\":\"2024-02-09T11:01:44+00:00\",\"dateModified\":\"2025-12-03T21:08:07+00:00\",\"breadcrumb\":{\"@id\":\"https:\/\/aitaca.io\/es\/privacy-policy\/#breadcrumb\"},\"inLanguage\":\"es\",\"potentialAction\":[{\"@type\":\"ReadAction\",\"target\":[\"https:\/\/aitaca.io\/es\/privacy-policy\/\"]}]},{\"@type\":\"BreadcrumbList\",\"@id\":\"https:\/\/aitaca.io\/es\/privacy-policy\/#breadcrumb\",\"itemListElement\":[{\"@type\":\"ListItem\",\"position\":1,\"name\":\"Home\",\"item\":\"https:\/\/aitaca.io\/es\/\"},{\"@type\":\"ListItem\",\"position\":2,\"name\":\"Privacy Policy\"}]},{\"@type\":\"WebSite\",\"@id\":\"https:\/\/aitaca.io\/es\/#website\",\"url\":\"https:\/\/aitaca.io\/es\/\",\"name\":\"Aitaca\",\"description\":\"Ai Body Measurement &amp; Size Recommendation\",\"publisher\":{\"@id\":\"https:\/\/aitaca.io\/es\/#organization\"},\"potentialAction\":[{\"@type\":\"SearchAction\",\"target\":{\"@type\":\"EntryPoint\",\"urlTemplate\":\"https:\/\/aitaca.io\/es\/?s={search_term_string}\"},\"query-input\":{\"@type\":\"PropertyValueSpecification\",\"valueRequired\":true,\"valueName\":\"search_term_string\"}}],\"inLanguage\":\"es\"},{\"@type\":\"Organization\",\"@id\":\"https:\/\/aitaca.io\/es\/#organization\",\"name\":\"Aitaca\",\"url\":\"https:\/\/aitaca.io\/es\/\",\"logo\":{\"@type\":\"ImageObject\",\"inLanguage\":\"es\",\"@id\":\"https:\/\/aitaca.io\/es\/#\/schema\/logo\/image\/\",\"url\":\"https:\/\/aitaca.io\/wp-content\/uploads\/2024\/08\/logo.png\",\"contentUrl\":\"https:\/\/aitaca.io\/wp-content\/uploads\/2024\/08\/logo.png\",\"width\":400,\"height\":147,\"caption\":\"Aitaca\"},\"image\":{\"@id\":\"https:\/\/aitaca.io\/es\/#\/schema\/logo\/image\/\"},\"sameAs\":[\"https:\/\/www.facebook.com\/profile.php?id=100082124358022\",\"https:\/\/www.instagram.com\/aitaca.io\/\"]}]}<\/script>\n<!-- \/ Yoast SEO plugin. -->","yoast_head_json":{"title":"Privacy Policy | Aitaca","robots":{"index":"index","follow":"follow","max-snippet":"max-snippet:-1","max-image-preview":"max-image-preview:large","max-video-preview":"max-video-preview:-1"},"canonical":"https:\/\/aitaca.io\/es\/privacy-policy\/","og_locale":"es_ES","og_type":"article","og_title":"Privacy Policy | Aitaca","og_url":"https:\/\/aitaca.io\/es\/privacy-policy\/","og_site_name":"Aitaca","article_publisher":"https:\/\/www.facebook.com\/profile.php?id=100082124358022","article_modified_time":"2025-12-03T21:08:07+00:00","og_image":[{"width":1200,"height":675,"url":"https:\/\/aitaca.io\/wp-content\/uploads\/2024\/08\/link-preview.jpg","type":"image\/jpeg"}],"twitter_card":"summary_large_image","twitter_misc":{"Tiempo de lectura":"8 minutos"},"schema":{"@context":"https:\/\/schema.org","@graph":[{"@type":"WebPage","@id":"https:\/\/aitaca.io\/es\/privacy-policy\/","url":"https:\/\/aitaca.io\/es\/privacy-policy\/","name":"Privacy Policy | Aitaca","isPartOf":{"@id":"https:\/\/aitaca.io\/es\/#website"},"datePublished":"2024-02-09T11:01:44+00:00","dateModified":"2025-12-03T21:08:07+00:00","breadcrumb":{"@id":"https:\/\/aitaca.io\/es\/privacy-policy\/#breadcrumb"},"inLanguage":"es","potentialAction":[{"@type":"ReadAction","target":["https:\/\/aitaca.io\/es\/privacy-policy\/"]}]},{"@type":"BreadcrumbList","@id":"https:\/\/aitaca.io\/es\/privacy-policy\/#breadcrumb","itemListElement":[{"@type":"ListItem","position":1,"name":"Home","item":"https:\/\/aitaca.io\/es\/"},{"@type":"ListItem","position":2,"name":"Privacy Policy"}]},{"@type":"WebSite","@id":"https:\/\/aitaca.io\/es\/#website","url":"https:\/\/aitaca.io\/es\/","name":"Aitaca","description":"Ai Body Measurement &amp; Size Recommendation","publisher":{"@id":"https:\/\/aitaca.io\/es\/#organization"},"potentialAction":[{"@type":"SearchAction","target":{"@type":"EntryPoint","urlTemplate":"https:\/\/aitaca.io\/es\/?s={search_term_string}"},"query-input":{"@type":"PropertyValueSpecification","valueRequired":true,"valueName":"search_term_string"}}],"inLanguage":"es"},{"@type":"Organization","@id":"https:\/\/aitaca.io\/es\/#organization","name":"Aitaca","url":"https:\/\/aitaca.io\/es\/","logo":{"@type":"ImageObject","inLanguage":"es","@id":"https:\/\/aitaca.io\/es\/#\/schema\/logo\/image\/","url":"https:\/\/aitaca.io\/wp-content\/uploads\/2024\/08\/logo.png","contentUrl":"https:\/\/aitaca.io\/wp-content\/uploads\/2024\/08\/logo.png","width":400,"height":147,"caption":"Aitaca"},"image":{"@id":"https:\/\/aitaca.io\/es\/#\/schema\/logo\/image\/"},"sameAs":["https:\/\/www.facebook.com\/profile.php?id=100082124358022","https:\/\/www.instagram.com\/aitaca.io\/"]}]}},"_links":{"self":[{"href":"https:\/\/aitaca.io\/es\/wp-json\/wp\/v2\/pages\/8770","targetHints":{"allow":["GET"]}}],"collection":[{"href":"https:\/\/aitaca.io\/es\/wp-json\/wp\/v2\/pages"}],"about":[{"href":"https:\/\/aitaca.io\/es\/wp-json\/wp\/v2\/types\/page"}],"author":[{"embeddable":true,"href":"https:\/\/aitaca.io\/es\/wp-json\/wp\/v2\/users\/1"}],"replies":[{"embeddable":true,"href":"https:\/\/aitaca.io\/es\/wp-json\/wp\/v2\/comments?post=8770"}],"version-history":[{"count":56,"href":"https:\/\/aitaca.io\/es\/wp-json\/wp\/v2\/pages\/8770\/revisions"}],"predecessor-version":[{"id":11718,"href":"https:\/\/aitaca.io\/es\/wp-json\/wp\/v2\/pages\/8770\/revisions\/11718"}],"wp:attachment":[{"href":"https:\/\/aitaca.io\/es\/wp-json\/wp\/v2\/media?parent=8770"}],"curies":[{"name":"wp","href":"https:\/\/api.w.org\/{rel}","templated":true}]}}