{"id":9609,"date":"2024-03-15T09:17:12","date_gmt":"2024-03-15T09:17:12","guid":{"rendered":"https:\/\/aitaca.io\/?page_id=9609"},"modified":"2024-03-19T15:58:44","modified_gmt":"2024-03-19T15:58:44","slug":"recomiendanos","status":"publish","type":"page","link":"https:\/\/aitaca.io\/es\/recomiendanos\/","title":{"rendered":"Recomi\u00e9ndanos"},"content":{"rendered":"<section class=\"l-section wpb_row height_small\"><div class=\"l-section-h i-cf\"><div class=\"g-cols vc_row via_grid cols_1 laptops-cols_inherit tablets-cols_inherit mobiles-cols_1 valign_top type_default stacking_default\"><div class=\"wpb_column vc_column_container\"><div class=\"vc_column-inner\"><div class=\"w-separator size_medium\"><\/div><div class=\"w-text us_custom_8bd84936\"><span class=\"w-text-h\"><span class=\"w-text-value\">MEDIDOR VIRTUAL DE ANILLOS<\/span><\/span><\/div><\/div><\/div><\/div><\/div><\/section><section class=\"l-section wpb_row height_auto\"><div class=\"l-section-h i-cf\"><div class=\"g-cols vc_row via_grid cols_1 laptops-cols_inherit tablets-cols_inherit mobiles-cols_1 valign_top type_default stacking_default\"><div class=\"wpb_column vc_column_container\"><div class=\"vc_column-inner\"><div class=\"wpb_text_column us_custom_b1276e1b\"><div class=\"wpb_wrapper\"><p style=\"text-align: center;\">F\u00e1cil, c\u00f3modo, sin complicaciones<\/p>\n<\/div><\/div><\/div><\/div><\/div><\/div><\/section><section class=\"l-section wpb_row height_small\"><div class=\"l-section-h i-cf\"><div class=\"g-cols vc_row via_grid cols_1 laptops-cols_inherit tablets-cols_inherit mobiles-cols_1 valign_top type_default stacking_default\"><div class=\"wpb_column vc_column_container\"><div class=\"vc_column-inner\"><div class=\"wpb_text_column us_custom_aa7493cf has_text_color\"><div class=\"wpb_wrapper\"><p style=\"text-align: center;\">CONSIGUE TU TALLA DE ANILLO EN MENOS DE UN MINUTO<\/p>\n<\/div><\/div><\/div><\/div><\/div><\/div><\/section><section class=\"l-section wpb_row us_custom_f8f95f86 height_auto\" id=\"about\"><div class=\"l-section-h i-cf\"><div class=\"g-cols vc_row via_grid cols_2 laptops-cols_inherit tablets-cols_inherit mobiles-cols_1 valign_middle type_default stacking_default\"><div data-us-scroll=\"{&quot;from_initial_position&quot;:&quot;0&quot;,&quot;start_position&quot;:&quot;0%&quot;,&quot;end_position&quot;:&quot;100%&quot;,&quot;delay&quot;:&quot;0.1s&quot;,&quot;translate_y_direction&quot;:&quot;down&quot;,&quot;translate_y_speed&quot;:&quot;0.2x&quot;}\" class=\"wpb_column vc_column_container has_scroll_effects has_translate_y\"><div class=\"vc_column-inner\"><div class=\"wpb_text_column\"><div class=\"wpb_wrapper\"><h2>Tu opini\u00f3n nos importa<\/h2>\n<p>Dinos qu\u00e9 marca te gustar\u00eda que tuviera nuestro medidor virtual de anillos y gana una tarjeta de 100\u20ac para gastar en Amazon.<\/p>\n<\/div><\/div><div class=\"w-separator size_small\"><\/div><div class=\"w-btn-wrapper align_none\"><a class=\"w-btn us-btn-style_1\" id=\"1234\" href=\"https:\/\/aitaca.io\/contact-us\/\"><span class=\"w-btn-label\">Saber m\u00e1s<\/span><\/a><\/div><\/div><\/div><div data-us-scroll=\"{&quot;from_initial_position&quot;:&quot;0&quot;,&quot;start_position&quot;:&quot;0%&quot;,&quot;end_position&quot;:&quot;100%&quot;,&quot;delay&quot;:&quot;0.1s&quot;,&quot;translate_y_direction&quot;:&quot;up&quot;,&quot;translate_y_speed&quot;:&quot;0.2x&quot;}\" class=\"wpb_column vc_column_container has_scroll_effects has_translate_y\"><div class=\"vc_column-inner\"><div class=\"w-video align_none ratio_16x9\"><div class=\"w-video-h\"><video  preload=\"metadata\" playsinline controls autoplay loop><source type=\"video\/mp4\" src=\"https:\/\/cdn.aitaca.io\/aitaca-assets\/videos\/demo_video_landing.mp4\" \/><\/video><\/div><\/div><\/div><\/div><\/div><\/div><\/section><section class=\"l-section wpb_row height_custom\"><div class=\"l-section-h i-cf\"><div class=\"g-cols vc_row via_grid cols_1 laptops-cols_inherit tablets-cols_inherit mobiles-cols_1 valign_top type_default stacking_default\"><div class=\"wpb_column vc_column_container\"><div class=\"vc_column-inner\"><\/div><\/div><\/div><\/div><\/section>\n","protected":false},"excerpt":{"rendered":"","protected":false},"author":3,"featured_media":0,"parent":0,"menu_order":0,"comment_status":"closed","ping_status":"closed","template":"","meta":{"passster_activate_protection":false,"passster_protect_child_pages":"","passster_protection_type":"password","passster_password":"","passster_activate_overwrite_defaults":"","passster_headline":"","passster_instruction":"","passster_placeholder":"","passster_button":"","passster_id":"","passster_activate_misc_settings":"","passster_redirect_url":"","passster_hide":"no","passster_area_shortcode":"","footnotes":""},"class_list":["post-9609","page","type-page","status-publish","hentry"],"yoast_head":"<!-- This site is optimized with the Yoast SEO plugin v26.0 - https:\/\/yoast.com\/wordpress\/plugins\/seo\/ -->\n<title>Recomi\u00e9ndanos | Aitaca<\/title>\n<meta name=\"description\" content=\"Ay\u00fadanos a continuar creciendo, recomi\u00e9ndanos a aquella empresa que consideras que necesita nuestra ayuda en su tallaje.\" \/>\n<meta name=\"robots\" content=\"index, follow, max-snippet:-1, max-image-preview:large, max-video-preview:-1\" \/>\n<link rel=\"canonical\" href=\"https:\/\/aitaca.io\/es\/recomiendanos\/\" \/>\n<meta property=\"og:locale\" content=\"es_ES\" \/>\n<meta property=\"og:type\" content=\"article\" \/>\n<meta property=\"og:title\" content=\"Recomi\u00e9ndanos | Aitaca\" \/>\n<meta property=\"og:description\" content=\"Ay\u00fadanos a continuar creciendo, recomi\u00e9ndanos a aquella empresa que consideras que necesita nuestra ayuda en su tallaje.\" \/>\n<meta property=\"og:url\" content=\"https:\/\/aitaca.io\/es\/recomiendanos\/\" \/>\n<meta property=\"og:site_name\" content=\"Aitaca\" \/>\n<meta property=\"article:publisher\" content=\"https:\/\/www.facebook.com\/profile.php?id=100082124358022\" \/>\n<meta property=\"article:modified_time\" content=\"2024-03-19T15:58:44+00:00\" \/>\n<meta property=\"og:image\" content=\"https:\/\/aitaca.io\/wp-content\/uploads\/2024\/08\/link-preview.jpg\" \/>\n\t<meta property=\"og:image:width\" content=\"1200\" \/>\n\t<meta property=\"og:image:height\" content=\"675\" \/>\n\t<meta property=\"og:image:type\" content=\"image\/jpeg\" \/>\n<meta name=\"twitter:card\" content=\"summary_large_image\" \/>\n<meta name=\"twitter:label1\" content=\"Tiempo de lectura\" \/>\n\t<meta name=\"twitter:data1\" content=\"1 minuto\" \/>\n<script type=\"application\/ld+json\" class=\"yoast-schema-graph\">{\"@context\":\"https:\/\/schema.org\",\"@graph\":[{\"@type\":\"WebPage\",\"@id\":\"https:\/\/aitaca.io\/es\/recomiendanos\/\",\"url\":\"https:\/\/aitaca.io\/es\/recomiendanos\/\",\"name\":\"Recomi\u00e9ndanos | Aitaca\",\"isPartOf\":{\"@id\":\"https:\/\/aitaca.io\/es\/#website\"},\"datePublished\":\"2024-03-15T09:17:12+00:00\",\"dateModified\":\"2024-03-19T15:58:44+00:00\",\"description\":\"Ay\u00fadanos a continuar creciendo, recomi\u00e9ndanos a aquella empresa que consideras que necesita nuestra ayuda en su tallaje.\",\"breadcrumb\":{\"@id\":\"https:\/\/aitaca.io\/es\/recomiendanos\/#breadcrumb\"},\"inLanguage\":\"es\",\"potentialAction\":[{\"@type\":\"ReadAction\",\"target\":[\"https:\/\/aitaca.io\/es\/recomiendanos\/\"]}]},{\"@type\":\"BreadcrumbList\",\"@id\":\"https:\/\/aitaca.io\/es\/recomiendanos\/#breadcrumb\",\"itemListElement\":[{\"@type\":\"ListItem\",\"position\":1,\"name\":\"Home\",\"item\":\"https:\/\/aitaca.io\/es\/\"},{\"@type\":\"ListItem\",\"position\":2,\"name\":\"Recomi\u00e9ndanos\"}]},{\"@type\":\"WebSite\",\"@id\":\"https:\/\/aitaca.io\/es\/#website\",\"url\":\"https:\/\/aitaca.io\/es\/\",\"name\":\"Aitaca\",\"description\":\"Ai Body Measurement &amp; Size Recommendation\",\"publisher\":{\"@id\":\"https:\/\/aitaca.io\/es\/#organization\"},\"potentialAction\":[{\"@type\":\"SearchAction\",\"target\":{\"@type\":\"EntryPoint\",\"urlTemplate\":\"https:\/\/aitaca.io\/es\/?s={search_term_string}\"},\"query-input\":{\"@type\":\"PropertyValueSpecification\",\"valueRequired\":true,\"valueName\":\"search_term_string\"}}],\"inLanguage\":\"es\"},{\"@type\":\"Organization\",\"@id\":\"https:\/\/aitaca.io\/es\/#organization\",\"name\":\"Aitaca\",\"url\":\"https:\/\/aitaca.io\/es\/\",\"logo\":{\"@type\":\"ImageObject\",\"inLanguage\":\"es\",\"@id\":\"https:\/\/aitaca.io\/es\/#\/schema\/logo\/image\/\",\"url\":\"https:\/\/aitaca.io\/wp-content\/uploads\/2024\/08\/logo.png\",\"contentUrl\":\"https:\/\/aitaca.io\/wp-content\/uploads\/2024\/08\/logo.png\",\"width\":400,\"height\":147,\"caption\":\"Aitaca\"},\"image\":{\"@id\":\"https:\/\/aitaca.io\/es\/#\/schema\/logo\/image\/\"},\"sameAs\":[\"https:\/\/www.facebook.com\/profile.php?id=100082124358022\",\"https:\/\/www.instagram.com\/aitaca.io\/\"]}]}<\/script>\n<!-- \/ Yoast SEO plugin. -->","yoast_head_json":{"title":"Recomi\u00e9ndanos | Aitaca","description":"Ay\u00fadanos a continuar creciendo, recomi\u00e9ndanos a aquella empresa que consideras que necesita nuestra ayuda en su tallaje.","robots":{"index":"index","follow":"follow","max-snippet":"max-snippet:-1","max-image-preview":"max-image-preview:large","max-video-preview":"max-video-preview:-1"},"canonical":"https:\/\/aitaca.io\/es\/recomiendanos\/","og_locale":"es_ES","og_type":"article","og_title":"Recomi\u00e9ndanos | Aitaca","og_description":"Ay\u00fadanos a continuar creciendo, recomi\u00e9ndanos a aquella empresa que consideras que necesita nuestra ayuda en su tallaje.","og_url":"https:\/\/aitaca.io\/es\/recomiendanos\/","og_site_name":"Aitaca","article_publisher":"https:\/\/www.facebook.com\/profile.php?id=100082124358022","article_modified_time":"2024-03-19T15:58:44+00:00","og_image":[{"width":1200,"height":675,"url":"https:\/\/aitaca.io\/wp-content\/uploads\/2024\/08\/link-preview.jpg","type":"image\/jpeg"}],"twitter_card":"summary_large_image","twitter_misc":{"Tiempo de lectura":"1 minuto"},"schema":{"@context":"https:\/\/schema.org","@graph":[{"@type":"WebPage","@id":"https:\/\/aitaca.io\/es\/recomiendanos\/","url":"https:\/\/aitaca.io\/es\/recomiendanos\/","name":"Recomi\u00e9ndanos | Aitaca","isPartOf":{"@id":"https:\/\/aitaca.io\/es\/#website"},"datePublished":"2024-03-15T09:17:12+00:00","dateModified":"2024-03-19T15:58:44+00:00","description":"Ay\u00fadanos a continuar creciendo, recomi\u00e9ndanos a aquella empresa que consideras que necesita nuestra ayuda en su tallaje.","breadcrumb":{"@id":"https:\/\/aitaca.io\/es\/recomiendanos\/#breadcrumb"},"inLanguage":"es","potentialAction":[{"@type":"ReadAction","target":["https:\/\/aitaca.io\/es\/recomiendanos\/"]}]},{"@type":"BreadcrumbList","@id":"https:\/\/aitaca.io\/es\/recomiendanos\/#breadcrumb","itemListElement":[{"@type":"ListItem","position":1,"name":"Home","item":"https:\/\/aitaca.io\/es\/"},{"@type":"ListItem","position":2,"name":"Recomi\u00e9ndanos"}]},{"@type":"WebSite","@id":"https:\/\/aitaca.io\/es\/#website","url":"https:\/\/aitaca.io\/es\/","name":"Aitaca","description":"Ai Body Measurement &amp; Size Recommendation","publisher":{"@id":"https:\/\/aitaca.io\/es\/#organization"},"potentialAction":[{"@type":"SearchAction","target":{"@type":"EntryPoint","urlTemplate":"https:\/\/aitaca.io\/es\/?s={search_term_string}"},"query-input":{"@type":"PropertyValueSpecification","valueRequired":true,"valueName":"search_term_string"}}],"inLanguage":"es"},{"@type":"Organization","@id":"https:\/\/aitaca.io\/es\/#organization","name":"Aitaca","url":"https:\/\/aitaca.io\/es\/","logo":{"@type":"ImageObject","inLanguage":"es","@id":"https:\/\/aitaca.io\/es\/#\/schema\/logo\/image\/","url":"https:\/\/aitaca.io\/wp-content\/uploads\/2024\/08\/logo.png","contentUrl":"https:\/\/aitaca.io\/wp-content\/uploads\/2024\/08\/logo.png","width":400,"height":147,"caption":"Aitaca"},"image":{"@id":"https:\/\/aitaca.io\/es\/#\/schema\/logo\/image\/"},"sameAs":["https:\/\/www.facebook.com\/profile.php?id=100082124358022","https:\/\/www.instagram.com\/aitaca.io\/"]}]}},"_links":{"self":[{"href":"https:\/\/aitaca.io\/es\/wp-json\/wp\/v2\/pages\/9609","targetHints":{"allow":["GET"]}}],"collection":[{"href":"https:\/\/aitaca.io\/es\/wp-json\/wp\/v2\/pages"}],"about":[{"href":"https:\/\/aitaca.io\/es\/wp-json\/wp\/v2\/types\/page"}],"author":[{"embeddable":true,"href":"https:\/\/aitaca.io\/es\/wp-json\/wp\/v2\/users\/3"}],"replies":[{"embeddable":true,"href":"https:\/\/aitaca.io\/es\/wp-json\/wp\/v2\/comments?post=9609"}],"version-history":[{"count":15,"href":"https:\/\/aitaca.io\/es\/wp-json\/wp\/v2\/pages\/9609\/revisions"}],"predecessor-version":[{"id":9674,"href":"https:\/\/aitaca.io\/es\/wp-json\/wp\/v2\/pages\/9609\/revisions\/9674"}],"wp:attachment":[{"href":"https:\/\/aitaca.io\/es\/wp-json\/wp\/v2\/media?parent=9609"}],"curies":[{"name":"wp","href":"https:\/\/api.w.org\/{rel}","templated":true}]}}