{"id":9949,"date":"2024-07-12T10:35:52","date_gmt":"2024-07-12T10:35:52","guid":{"rendered":"https:\/\/aitaca.io\/?page_id=9949"},"modified":"2024-08-13T14:29:53","modified_gmt":"2024-08-13T14:29:53","slug":"virtual-sizer","status":"publish","type":"page","link":"https:\/\/aitaca.io\/es\/virtual-sizer\/","title":{"rendered":"Virtual sizer"},"content":{"rendered":"<section class=\"l-section wpb_row height_small\"><div class=\"l-section-h i-cf\"><div class=\"g-cols vc_row via_grid cols_1 laptops-cols_inherit tablets-cols_inherit mobiles-cols_1 valign_top type_default stacking_default\"><div class=\"wpb_column vc_column_container us_custom_b67f99e9 has_bg_color\"><div class=\"vc_column-inner\"><div class=\"wpb_text_column us_custom_f0ee142d has_text_color\"><div class=\"wpb_wrapper\"><h2>Se acabaron las tablas de medidas,\u00a0se acabaron los kits de medici\u00f3n<\/h2>\n<\/div><\/div><div class=\"wpb_text_column us_custom_f53aac93 has_text_color\"><div class=\"wpb_wrapper\"><p>Nuestra Inteligencia Artificial \u00fanica, desarrollada \u00edntegramente por nuestro equipo, recomienda la talla de anillo perfecta con tan s\u00f3lo una foto de la mano.<\/p>\n<\/div><\/div><\/div><\/div><\/div><\/div><\/section><section class=\"l-section wpb_row height_large\"><div class=\"l-section-h i-cf\"><div class=\"g-cols vc_row via_grid cols_1 laptops-cols_inherit tablets-cols_inherit mobiles-cols_1 valign_top type_default stacking_default\"><div class=\"wpb_column vc_column_container\"><div class=\"vc_column-inner\"><div class=\"wpb_text_column\"><div class=\"wpb_wrapper\"><h2 style=\"text-align: center;\">\u00bfQu\u00e9 nos hace \u00fanicos?<\/h2>\n<\/div><\/div><div class=\"wpb_text_column us_custom_b9b9aea5\"><div class=\"wpb_wrapper\"><p style=\"text-align: center;\">Inteligencia Artificial propia desarrollada espec\u00edficamente para tallas de anillos.<\/p>\n<\/div><\/div><div class=\"w-separator size_large\"><\/div><div class=\"g-cols wpb_row via_grid cols_2 laptops-cols_inherit tablets-cols_inherit mobiles-cols_1 valign_top type_default\" style=\"--columns-gap:6vh;\"><div class=\"wpb_column vc_column_container\"><div class=\"vc_column-inner\"><div class=\"w-iconbox us_custom_1a03f537 iconpos_left style_default color_primary align_none\"><div class=\"w-iconbox-icon\" style=\"font-size:32px;\"><i class=\"fal fa-flask\"><\/i><\/div><div class=\"w-iconbox-meta\"><h4 class=\"w-iconbox-title\">Tecnolog\u00eda propia<\/h4><div class=\"w-iconbox-text\"><p>Entrenamos continuamente nuestros modelos de Inteligencia Artificial espec\u00edficamente para el <strong>reconocimiento y medici\u00f3n de manos. <\/strong>Esto nos permite ofrecer soluciones verdaderamente diferenciales.<\/p>\n<\/div><\/div><\/div><\/div><\/div><div class=\"wpb_column vc_column_container\"><div class=\"vc_column-inner\"><div class=\"w-iconbox iconpos_left style_default color_primary align_none\"><div class=\"w-iconbox-icon\" style=\"font-size:32px;\"><i class=\"fal fa-ring\"><\/i><\/div><div class=\"w-iconbox-meta\"><h4 class=\"w-iconbox-title\">Espec\u00edfico para anillos<\/h4><div class=\"w-iconbox-text\"><p>Potenciado con nuestra IA, nuestros <strong>motores de recomendaci\u00f3n de tallas<\/strong> consideran m\u00faltiples caracter\u00edsticas de las manos, como longitud de los dedos, tama\u00f1o de los nudillos o distancia entre las falanges.<\/p>\n<\/div><\/div><\/div><\/div><\/div><div class=\"wpb_column vc_column_container\"><div class=\"vc_column-inner\"><div class=\"w-iconbox iconpos_left style_default color_primary align_none\"><div class=\"w-iconbox-icon\" style=\"font-size:32px;\"><i class=\"fal fa-ruler\"><\/i><\/div><div class=\"w-iconbox-meta\"><h4 class=\"w-iconbox-title\">Datos especializados<\/h4><div class=\"w-iconbox-text\"><p>Todos nuestros algoritmos son entrenados con un conjunto de datos propios en continuo crecimiento, abarcando una completa <strong>variedad de manos reales<\/strong> para asegurar la mejor precisi\u00f3n.<\/p>\n<\/div><\/div><\/div><\/div><\/div><div class=\"wpb_column vc_column_container\"><div class=\"vc_column-inner\"><div class=\"w-iconbox iconpos_left style_default color_primary align_none\"><div class=\"w-iconbox-icon\" style=\"font-size:32px;\"><i class=\"fal fa-sync\"><\/i><\/div><div class=\"w-iconbox-meta\"><h4 class=\"w-iconbox-title\">Evoluci\u00f3n continua<\/h4><div class=\"w-iconbox-text\"><p><strong>Mejoramos continuamente nuestros modelos de Inteligencia Artificial<\/strong>, re-entren\u00e1ndolos y actualiz\u00e1ndolos de manera regular para asegurar su optimizaci\u00f3n con los \u00faltimos avances de la industria.<\/p>\n<\/div><\/div><\/div><\/div><\/div><\/div><\/div><\/div><\/div><\/div><\/section><section class=\"l-section wpb_row height_large\"><div class=\"l-section-h i-cf\"><div class=\"g-cols vc_row via_grid cols_1 laptops-cols_inherit tablets-cols_inherit mobiles-cols_1 valign_top type_default stacking_default\"><div class=\"wpb_column vc_column_container\"><div class=\"vc_column-inner\"><div class=\"wpb_text_column us_custom_b9b9aea5\"><div class=\"wpb_wrapper\"><h2 style=\"text-align: center;\">Recomendaciones precisas<\/h2>\n<\/div><\/div><div class=\"w-separator size_medium\"><\/div><div class=\"g-cols wpb_row us_custom_41843a68 via_grid cols_2 laptops-cols_inherit tablets-cols_2 mobiles-cols_1 valign_top type_default\" style=\"--columns-gap:3rem;\"><div class=\"wpb_column vc_column_container us_custom_98dfe58c\"><div class=\"vc_column-inner\"><div class=\"w-image has_ratio align_none\"><div class=\"w-image-h\"><div style=\"padding-bottom:66.6667%\"><\/div><img decoding=\"async\" width=\"800\" height=\"540\" src=\"https:\/\/aitaca.io\/wp-content\/uploads\/2024\/07\/sizes-per-product-product-page.png\" class=\"attachment-full size-full\" alt=\"Recomendaci\u00f3n de talla para cada modelo de anillo\" loading=\"lazy\" \/><\/div><\/div><div class=\"w-separator size_small\"><\/div><h3 class=\"w-text us_custom_6eef5e16\"><span class=\"w-text-h\"><span class=\"w-text-value\">Tallas para cada modelo<\/span><\/span><\/h3><div class=\"w-separator size_custom\" style=\"height:8px\"><\/div><div class=\"wpb_text_column\"><div class=\"wpb_wrapper\"><p>Cada modelo de anillo puede llevar su propia tabla de tallas asociado con su SKU, asegurando que el usuario siempre obtiene la mejor recomendaci\u00f3n.<\/p>\n<\/div><\/div><\/div><\/div><div class=\"wpb_column vc_column_container us_custom_98dfe58c\"><div class=\"vc_column-inner\"><div class=\"w-image has_ratio align_none\"><div class=\"w-image-h\"><div style=\"padding-bottom:66.6667%\"><\/div><img decoding=\"async\" width=\"800\" height=\"540\" src=\"https:\/\/aitaca.io\/wp-content\/uploads\/2024\/07\/international-sizes.png\" class=\"attachment-large size-large\" alt=\"Ofrece la talla de anillo seg\u00fan el idioma de tu cliente\" loading=\"lazy\" \/><\/div><\/div><div class=\"w-separator size_small\"><\/div><h3 class=\"w-text us_custom_6eef5e16\"><span class=\"w-text-h\"><span class=\"w-text-value\">Tallaje internacional<\/span><\/span><\/h3><div class=\"w-separator size_custom\" style=\"height:8px\"><\/div><div class=\"wpb_text_column\"><div class=\"wpb_wrapper\"><p>Ofrece autom\u00e1ticamente la talla seg\u00fan las preferencias de tu cliente, nuestra tecnolog\u00eda hace la conversi\u00f3n funcionando en diferentes pa\u00edses sin esfuerzo extra.<\/p>\n<\/div><\/div><\/div><\/div><\/div><\/div><\/div><\/div><\/div><\/section><section class=\"l-section wpb_row height_large\"><div class=\"l-section-h i-cf\"><div class=\"g-cols vc_row via_grid cols_1 laptops-cols_inherit tablets-cols_inherit mobiles-cols_1 valign_top type_default stacking_default\"><div class=\"wpb_column vc_column_container\"><div class=\"vc_column-inner\"><div class=\"wpb_text_column us_custom_b9b9aea5\"><div class=\"wpb_wrapper\"><h2 style=\"text-align: center;\">Totalmente integrado en tu tienda<\/h2>\n<\/div><\/div><div class=\"w-separator size_medium\"><\/div><div class=\"g-cols wpb_row us_custom_41843a68 via_grid cols_2 laptops-cols_inherit tablets-cols_2 mobiles-cols_1 valign_top type_default\" style=\"--columns-gap:3rem;\"><div class=\"wpb_column vc_column_container us_custom_98dfe58c\"><div class=\"vc_column-inner\"><div class=\"w-image has_ratio align_none\"><div class=\"w-image-h\"><div style=\"padding-bottom:66.6667%\"><\/div><img decoding=\"async\" width=\"1000\" height=\"1000\" src=\"https:\/\/aitaca.io\/wp-content\/uploads\/2024\/07\/feature-integration.png\" class=\"attachment-full size-full\" alt=\"integra nuestro medidor virtual en tu web en menos de dos minutos\" loading=\"lazy\" \/><\/div><\/div><div class=\"w-separator size_small\"><\/div><h3 class=\"w-text us_custom_6eef5e16\"><span class=\"w-text-h\"><span class=\"w-text-value\">Integra en tu p\u00e1gina de producto<\/span><\/span><\/h3><div class=\"w-separator size_custom\" style=\"height:8px\"><\/div><div class=\"wpb_text_column\"><div class=\"wpb_wrapper\"><p>Tan s\u00f3lo a\u00f1adiendo un bot\u00f3n en tu p\u00e1gina, tus clientes tendr\u00e1n la experiencia completa. Sin necesidad de descargar ninguna aplicaci\u00f3n.<\/p>\n<\/div><\/div><\/div><\/div><div class=\"wpb_column vc_column_container us_custom_98dfe58c\"><div class=\"vc_column-inner\"><div class=\"w-image has_ratio align_none\"><div class=\"w-image-h\"><div style=\"padding-bottom:66.6667%\"><\/div><img decoding=\"async\" width=\"1000\" height=\"1000\" src=\"https:\/\/aitaca.io\/wp-content\/uploads\/2024\/07\/feature-brand.png\" class=\"attachment-large size-large\" alt=\"Adaptamos el bot\u00f3n de nuestro medidor a tu imagen de marca\" loading=\"lazy\" \/><\/div><\/div><div class=\"w-separator size_small\"><\/div><h3 class=\"w-text us_custom_6eef5e16\"><span class=\"w-text-h\"><span class=\"w-text-value\">Adaptado a tu marca<\/span><\/span><\/h3><div class=\"w-separator size_custom\" style=\"height:8px\"><\/div><div class=\"wpb_text_column\"><div class=\"wpb_wrapper\"><p>Personaliza el <em>look &amp; feel<\/em> para ofrecer una experiencia \u00fanica, totalmente integrada y manteniendo tu imagen de marca.<\/p>\n<\/div><\/div><\/div><\/div><\/div><\/div><\/div><\/div><\/div><\/section><section class=\"l-section wpb_row height_large\" id=\"integration\"><div class=\"l-section-h i-cf\"><div class=\"g-cols vc_row via_grid cols_1 laptops-cols_inherit tablets-cols_inherit mobiles-cols_1 valign_top type_default stacking_default\"><div class=\"wpb_column vc_column_container\"><div class=\"vc_column-inner\"><div class=\"wpb_text_column us_custom_b9b9aea5\"><div class=\"wpb_wrapper\"><h2 style=\"text-align: center;\">Integraci\u00f3n f\u00e1cil en tan s\u00f3lo 3 pasos<\/h2>\n<\/div><\/div><div class=\"w-separator size_large\"><\/div><div class=\"g-cols wpb_row us_custom_41843a68 via_grid cols_3 laptops-cols_inherit tablets-cols_2 mobiles-cols_1 valign_top type_default\" style=\"--columns-gap:2rem;\"><div class=\"wpb_column vc_column_container us_custom_98dfe58c\"><div class=\"vc_column-inner\"><div class=\"w-text us_custom_75a6d05d has_text_color\"><span class=\"w-text-h\"><span class=\"w-text-value\">01<\/span><\/span><\/div><h3 class=\"w-text us_custom_6eef5e16\"><span class=\"w-text-h\"><span class=\"w-text-value\">Tablas de tallas<\/span><\/span><\/h3><div class=\"w-separator size_custom\" style=\"height:8px\"><\/div><div class=\"wpb_text_column\"><div class=\"wpb_wrapper\"><p>Elige si quieres las tablas de talla por defecto o si quieres enviarnos las tuyas propias.<\/p>\n<\/div><\/div><\/div><\/div><div class=\"wpb_column vc_column_container us_custom_98dfe58c\"><div class=\"vc_column-inner\"><div class=\"w-text us_custom_75a6d05d has_text_color\"><span class=\"w-text-h\"><span class=\"w-text-value\">02<\/span><\/span><\/div><h3 class=\"w-text us_custom_6eef5e16\"><span class=\"w-text-h\"><span class=\"w-text-value\">Agrega nuestra librer\u00eda<\/span><\/span><\/h3><div class=\"w-separator size_custom\" style=\"height:8px\"><\/div><div class=\"wpb_text_column\"><div class=\"wpb_wrapper\"><p>Copia y pega 2 l\u00edneas de c\u00f3digo, y si el c\u00f3digo no es lo tuyo nosotros te ayudamos.<\/p>\n<\/div><\/div><\/div><\/div><div class=\"wpb_column vc_column_container us_custom_98dfe58c\"><div class=\"vc_column-inner\"><div class=\"w-text us_custom_75a6d05d has_text_color\"><span class=\"w-text-h\"><span class=\"w-text-value\">03<\/span><\/span><\/div><h3 class=\"w-text us_custom_6eef5e16\"><span class=\"w-text-h\"><span class=\"w-text-value\">A\u00f1ade el bot\u00f3n<\/span><\/span><\/h3><div class=\"w-separator size_custom\" style=\"height:8px\"><\/div><div class=\"wpb_text_column\"><div class=\"wpb_wrapper\"><p>A\u00f1ade el c\u00f3digo del bot\u00f3n en la p\u00e1gina de producto y personaliza c\u00f3mo se ve.<\/p>\n<\/div><\/div><\/div><\/div><\/div><\/div><\/div><\/div><\/div><\/section><section class=\"l-section wpb_row height_custom\"><div class=\"l-section-h i-cf\"><div class=\"g-cols vc_row via_grid cols_1 laptops-cols_inherit tablets-cols_inherit mobiles-cols_1 valign_top type_default stacking_default\"><div class=\"wpb_column vc_column_container\"><div class=\"vc_column-inner\"><div class=\"wpb_text_column us_custom_b9b9aea5\"><div class=\"wpb_wrapper\"><h4 style=\"text-align: center;\">\u00a1Y mucho m\u00e1s!<\/h4>\n<\/div><\/div><div class=\"g-cols wpb_row via_grid cols_1 laptops-cols_inherit tablets-cols_inherit mobiles-cols_1 valign_top type_default stacking_default\" style=\"--columns-gap:3rem;\"><div class=\"wpb_column vc_column_container\"><div class=\"vc_column-inner\"><\/div><\/div><\/div><div class=\"w-separator size_medium\"><\/div><div class=\"g-cols wpb_row via_grid cols_3 laptops-cols_inherit tablets-cols_inherit mobiles-cols_1 valign_top type_default stacking_default\" style=\"--columns-gap:3rem;\"><div class=\"wpb_column vc_column_container\"><div class=\"vc_column-inner\"><div class=\"w-iconbox iconpos_top style_default color_primary align_none\"><div class=\"w-iconbox-icon\" style=\"font-size:24px;\"><i class=\"fal fa-phone-laptop\"><\/i><\/div><div class=\"w-iconbox-meta\"><h6 class=\"w-iconbox-title\">Multi dispositivo<\/h6><div class=\"w-iconbox-text\"><p>Tus clientes podr\u00e1n terminar el proceso desde cualquier dispositivo.<\/p>\n<\/div><\/div><\/div><\/div><\/div><div class=\"wpb_column vc_column_container\"><div class=\"vc_column-inner\"><div class=\"w-iconbox iconpos_top style_default color_primary align_none\"><div class=\"w-iconbox-icon\" style=\"font-size:24px;--icon-bg-color:rgba(0,0,0,0.15);\"><i class=\"fal fa-hand-paper\"><\/i><\/div><div class=\"w-iconbox-meta\"><h6 class=\"w-iconbox-title\">Tallas para cada dedo<\/h6><div class=\"w-iconbox-text\"><p>El usuario obtiene la talla para cada dedo sin necesidad de repetir el proceso.<\/p>\n<\/div><\/div><\/div><\/div><\/div><div class=\"wpb_column vc_column_container\"><div class=\"vc_column-inner\"><div class=\"w-iconbox iconpos_top style_default color_primary align_none\"><div class=\"w-iconbox-icon\" style=\"font-size:24px;--icon-bg-color:rgba(0,0,0,0.15);\"><i class=\"fal fa-globe\"><\/i><\/div><div class=\"w-iconbox-meta\"><h6 class=\"w-iconbox-title\">Multi idioma<\/h6><div class=\"w-iconbox-text\"><p>Preparado para funcionar en el idioma de tus clientes.<\/p>\n<\/div><\/div><\/div><\/div><\/div><\/div><\/div><\/div><\/div><\/div><\/section><section class=\"l-section wpb_row height_auto width_full\"><div class=\"l-section-h i-cf\"><div class=\"g-cols vc_row via_grid cols_1 laptops-cols_inherit tablets-cols_inherit mobiles-cols_1 valign_top type_default stacking_default\"><div class=\"wpb_column vc_column_container\"><div class=\"vc_column-inner\"><section class=\"l-section wpb_row height_custom\"><div class=\"l-section-h i-cf\"><div class=\"g-cols vc_row via_grid cols_1 laptops-cols_inherit tablets-cols_inherit mobiles-cols_1 valign_top type_default stacking_default\"><div class=\"wpb_column vc_column_container us_custom_fc9696fe\"><div class=\"vc_column-overlay\" style=\"background:#182439\"><\/div><div class=\"vc_column-inner\"><div class=\"g-cols wpb_row via_grid cols_1 laptops-cols_inherit tablets-cols_inherit mobiles-cols_1 valign_top type_default stacking_default\" style=\"--columns-gap:3rem;\"><div class=\"wpb_column vc_column_container us_custom_eb849559\"><div class=\"vc_column-inner\"><div class=\"wpb_text_column us_custom_2949af11 has_text_color\"><div class=\"wpb_wrapper\"><h2>\u00bfHablamos?<\/h2>\n<\/div><\/div><div class=\"wpb_text_column us_custom_339187ac has_text_color\"><div class=\"wpb_wrapper\"><p>Descubre c\u00f3mo Aitaca te ayudar\u00e1 a mejorar tus ventas online.<\/p>\n<\/div><\/div><div class=\"w-btn-wrapper align_none\"><a class=\"w-btn us-btn-style_1\" href=\"https:\/\/aitaca.io\/reserva-una-demo\/\"><span class=\"w-btn-label\">Quiero una demo<\/span><\/a><\/div><\/div><\/div><\/div><\/div><\/div><\/div><\/div><\/section>\n<\/div><\/div><\/div><\/div><\/section>\n","protected":false},"excerpt":{"rendered":"","protected":false},"author":3,"featured_media":0,"parent":0,"menu_order":0,"comment_status":"closed","ping_status":"closed","template":"","meta":{"passster_activate_protection":false,"passster_protect_child_pages":"","passster_protection_type":"password","passster_password":"","passster_activate_overwrite_defaults":"","passster_headline":"","passster_instruction":"","passster_placeholder":"","passster_button":"","passster_id":"","passster_activate_misc_settings":"","passster_redirect_url":"","passster_hide":"no","passster_area_shortcode":"","footnotes":""},"class_list":["post-9949","page","type-page","status-publish","hentry"],"yoast_head":"<!-- This site is optimized with the Yoast SEO plugin v26.0 - https:\/\/yoast.com\/wordpress\/plugins\/seo\/ -->\n<title>Recomendador de Talla de Anillos | Aitaca<\/title>\n<meta name=\"description\" content=\"Integra nuestro Recomendador de Tallas de Anillo en tu tienda online permitiendo a los usuarios encontrar su talla perfecta antes de comprar. Mejora la experiencia del usuario y reduce tus devoluciones con nuestro widget.\" \/>\n<meta name=\"robots\" content=\"index, follow, max-snippet:-1, max-image-preview:large, max-video-preview:-1\" \/>\n<link rel=\"canonical\" href=\"https:\/\/aitaca.io\/es\/virtual-sizer\/\" \/>\n<meta property=\"og:locale\" content=\"es_ES\" \/>\n<meta property=\"og:type\" content=\"article\" \/>\n<meta property=\"og:title\" content=\"Recomendador de Talla de Anillos | Aitaca\" \/>\n<meta property=\"og:description\" content=\"Integra nuestro Recomendador de Tallas de Anillo en tu tienda online permitiendo a los usuarios encontrar su talla perfecta antes de comprar. Mejora la experiencia del usuario y reduce tus devoluciones con nuestro widget.\" \/>\n<meta property=\"og:url\" content=\"https:\/\/aitaca.io\/es\/virtual-sizer\/\" \/>\n<meta property=\"og:site_name\" content=\"Aitaca\" \/>\n<meta property=\"article:publisher\" content=\"https:\/\/www.facebook.com\/profile.php?id=100082124358022\" \/>\n<meta property=\"article:modified_time\" content=\"2024-08-13T14:29:53+00:00\" \/>\n<meta property=\"og:image\" content=\"https:\/\/aitaca.io\/wp-content\/uploads\/2024\/08\/link-preview.jpg\" \/>\n\t<meta property=\"og:image:width\" content=\"1200\" \/>\n\t<meta property=\"og:image:height\" content=\"675\" \/>\n\t<meta property=\"og:image:type\" content=\"image\/jpeg\" \/>\n<meta name=\"twitter:card\" content=\"summary_large_image\" \/>\n<meta name=\"twitter:label1\" content=\"Tiempo de lectura\" \/>\n\t<meta name=\"twitter:data1\" content=\"3 minutos\" \/>\n<script type=\"application\/ld+json\" class=\"yoast-schema-graph\">{\"@context\":\"https:\/\/schema.org\",\"@graph\":[{\"@type\":\"WebPage\",\"@id\":\"https:\/\/aitaca.io\/es\/virtual-sizer\/\",\"url\":\"https:\/\/aitaca.io\/es\/virtual-sizer\/\",\"name\":\"Recomendador de Talla de Anillos | Aitaca\",\"isPartOf\":{\"@id\":\"https:\/\/aitaca.io\/es\/#website\"},\"datePublished\":\"2024-07-12T10:35:52+00:00\",\"dateModified\":\"2024-08-13T14:29:53+00:00\",\"description\":\"Integra nuestro Recomendador de Tallas de Anillo en tu tienda online permitiendo a los usuarios encontrar su talla perfecta antes de comprar. Mejora la experiencia del usuario y reduce tus devoluciones con nuestro widget.\",\"breadcrumb\":{\"@id\":\"https:\/\/aitaca.io\/es\/virtual-sizer\/#breadcrumb\"},\"inLanguage\":\"es\",\"potentialAction\":[{\"@type\":\"ReadAction\",\"target\":[\"https:\/\/aitaca.io\/es\/virtual-sizer\/\"]}]},{\"@type\":\"BreadcrumbList\",\"@id\":\"https:\/\/aitaca.io\/es\/virtual-sizer\/#breadcrumb\",\"itemListElement\":[{\"@type\":\"ListItem\",\"position\":1,\"name\":\"Home\",\"item\":\"https:\/\/aitaca.io\/es\/\"},{\"@type\":\"ListItem\",\"position\":2,\"name\":\"Virtual sizer\"}]},{\"@type\":\"WebSite\",\"@id\":\"https:\/\/aitaca.io\/es\/#website\",\"url\":\"https:\/\/aitaca.io\/es\/\",\"name\":\"Aitaca\",\"description\":\"Ai Body Measurement &amp; Size Recommendation\",\"publisher\":{\"@id\":\"https:\/\/aitaca.io\/es\/#organization\"},\"potentialAction\":[{\"@type\":\"SearchAction\",\"target\":{\"@type\":\"EntryPoint\",\"urlTemplate\":\"https:\/\/aitaca.io\/es\/?s={search_term_string}\"},\"query-input\":{\"@type\":\"PropertyValueSpecification\",\"valueRequired\":true,\"valueName\":\"search_term_string\"}}],\"inLanguage\":\"es\"},{\"@type\":\"Organization\",\"@id\":\"https:\/\/aitaca.io\/es\/#organization\",\"name\":\"Aitaca\",\"url\":\"https:\/\/aitaca.io\/es\/\",\"logo\":{\"@type\":\"ImageObject\",\"inLanguage\":\"es\",\"@id\":\"https:\/\/aitaca.io\/es\/#\/schema\/logo\/image\/\",\"url\":\"https:\/\/aitaca.io\/wp-content\/uploads\/2024\/08\/logo.png\",\"contentUrl\":\"https:\/\/aitaca.io\/wp-content\/uploads\/2024\/08\/logo.png\",\"width\":400,\"height\":147,\"caption\":\"Aitaca\"},\"image\":{\"@id\":\"https:\/\/aitaca.io\/es\/#\/schema\/logo\/image\/\"},\"sameAs\":[\"https:\/\/www.facebook.com\/profile.php?id=100082124358022\",\"https:\/\/www.instagram.com\/aitaca.io\/\"]}]}<\/script>\n<!-- \/ Yoast SEO plugin. -->","yoast_head_json":{"title":"Recomendador de Talla de Anillos | Aitaca","description":"Integra nuestro Recomendador de Tallas de Anillo en tu tienda online permitiendo a los usuarios encontrar su talla perfecta antes de comprar. Mejora la experiencia del usuario y reduce tus devoluciones con nuestro widget.","robots":{"index":"index","follow":"follow","max-snippet":"max-snippet:-1","max-image-preview":"max-image-preview:large","max-video-preview":"max-video-preview:-1"},"canonical":"https:\/\/aitaca.io\/es\/virtual-sizer\/","og_locale":"es_ES","og_type":"article","og_title":"Recomendador de Talla de Anillos | Aitaca","og_description":"Integra nuestro Recomendador de Tallas de Anillo en tu tienda online permitiendo a los usuarios encontrar su talla perfecta antes de comprar. Mejora la experiencia del usuario y reduce tus devoluciones con nuestro widget.","og_url":"https:\/\/aitaca.io\/es\/virtual-sizer\/","og_site_name":"Aitaca","article_publisher":"https:\/\/www.facebook.com\/profile.php?id=100082124358022","article_modified_time":"2024-08-13T14:29:53+00:00","og_image":[{"width":1200,"height":675,"url":"https:\/\/aitaca.io\/wp-content\/uploads\/2024\/08\/link-preview.jpg","type":"image\/jpeg"}],"twitter_card":"summary_large_image","twitter_misc":{"Tiempo de lectura":"3 minutos"},"schema":{"@context":"https:\/\/schema.org","@graph":[{"@type":"WebPage","@id":"https:\/\/aitaca.io\/es\/virtual-sizer\/","url":"https:\/\/aitaca.io\/es\/virtual-sizer\/","name":"Recomendador de Talla de Anillos | Aitaca","isPartOf":{"@id":"https:\/\/aitaca.io\/es\/#website"},"datePublished":"2024-07-12T10:35:52+00:00","dateModified":"2024-08-13T14:29:53+00:00","description":"Integra nuestro Recomendador de Tallas de Anillo en tu tienda online permitiendo a los usuarios encontrar su talla perfecta antes de comprar. Mejora la experiencia del usuario y reduce tus devoluciones con nuestro widget.","breadcrumb":{"@id":"https:\/\/aitaca.io\/es\/virtual-sizer\/#breadcrumb"},"inLanguage":"es","potentialAction":[{"@type":"ReadAction","target":["https:\/\/aitaca.io\/es\/virtual-sizer\/"]}]},{"@type":"BreadcrumbList","@id":"https:\/\/aitaca.io\/es\/virtual-sizer\/#breadcrumb","itemListElement":[{"@type":"ListItem","position":1,"name":"Home","item":"https:\/\/aitaca.io\/es\/"},{"@type":"ListItem","position":2,"name":"Virtual sizer"}]},{"@type":"WebSite","@id":"https:\/\/aitaca.io\/es\/#website","url":"https:\/\/aitaca.io\/es\/","name":"Aitaca","description":"Ai Body Measurement &amp; Size Recommendation","publisher":{"@id":"https:\/\/aitaca.io\/es\/#organization"},"potentialAction":[{"@type":"SearchAction","target":{"@type":"EntryPoint","urlTemplate":"https:\/\/aitaca.io\/es\/?s={search_term_string}"},"query-input":{"@type":"PropertyValueSpecification","valueRequired":true,"valueName":"search_term_string"}}],"inLanguage":"es"},{"@type":"Organization","@id":"https:\/\/aitaca.io\/es\/#organization","name":"Aitaca","url":"https:\/\/aitaca.io\/es\/","logo":{"@type":"ImageObject","inLanguage":"es","@id":"https:\/\/aitaca.io\/es\/#\/schema\/logo\/image\/","url":"https:\/\/aitaca.io\/wp-content\/uploads\/2024\/08\/logo.png","contentUrl":"https:\/\/aitaca.io\/wp-content\/uploads\/2024\/08\/logo.png","width":400,"height":147,"caption":"Aitaca"},"image":{"@id":"https:\/\/aitaca.io\/es\/#\/schema\/logo\/image\/"},"sameAs":["https:\/\/www.facebook.com\/profile.php?id=100082124358022","https:\/\/www.instagram.com\/aitaca.io\/"]}]}},"_links":{"self":[{"href":"https:\/\/aitaca.io\/es\/wp-json\/wp\/v2\/pages\/9949","targetHints":{"allow":["GET"]}}],"collection":[{"href":"https:\/\/aitaca.io\/es\/wp-json\/wp\/v2\/pages"}],"about":[{"href":"https:\/\/aitaca.io\/es\/wp-json\/wp\/v2\/types\/page"}],"author":[{"embeddable":true,"href":"https:\/\/aitaca.io\/es\/wp-json\/wp\/v2\/users\/3"}],"replies":[{"embeddable":true,"href":"https:\/\/aitaca.io\/es\/wp-json\/wp\/v2\/comments?post=9949"}],"version-history":[{"count":88,"href":"https:\/\/aitaca.io\/es\/wp-json\/wp\/v2\/pages\/9949\/revisions"}],"predecessor-version":[{"id":10920,"href":"https:\/\/aitaca.io\/es\/wp-json\/wp\/v2\/pages\/9949\/revisions\/10920"}],"wp:attachment":[{"href":"https:\/\/aitaca.io\/es\/wp-json\/wp\/v2\/media?parent=9949"}],"curies":[{"name":"wp","href":"https:\/\/api.w.org\/{rel}","templated":true}]}}